{"id":3,"date":"2025-09-16T12:23:46","date_gmt":"2025-09-16T12:23:46","guid":{"rendered":"https:\/\/startersites.io\/blocksy\/codespot\/?page_id=3"},"modified":"2026-04-21T09:11:35","modified_gmt":"2026-04-21T09:11:35","slug":"politique-de-confidentialite","status":"publish","type":"page","link":"https:\/\/boostinc.com\/fr\/privacy-policy\/","title":{"rendered":"Politique de confidentialit\u00e9"},"content":{"rendered":"<div class=\"wp-block-greenshift-blocks-container alignfull gspb_container gspb_container-gsbp-c0bc595\" id=\"gspb_container-id-gsbp-c0bc595\"><\/div>\n\n\n\n<h1 class=\"wp-block-heading\" id=\"privacy-policy\" style=\"margin-top:var(--wp--preset--spacing--80)\"><strong>Politique de confidentialit\u00e9<\/strong><\/h1>\n\n\n\n<p><em>Date d'entr\u00e9e en vigueur : Avril 2026<\/em><\/p>\n\n\n\n<h2 class=\"wp-block-heading\" id=\"1-introduction\"><strong>1. Introduction<\/strong><\/h2>\n\n\n\n<p>Boost Inc (\u201c nous \u201d, \u201c notre \u201d ou la \u201c Soci\u00e9t\u00e9 \u201d) exploite https:\/\/www.boostinc.com et les sites Web associ\u00e9s (le \u201c Site Web \u201d). Nous nous engageons \u00e0 prot\u00e9ger votre vie priv\u00e9e et \u00e0 garantir que vous ayez une exp\u00e9rience positive sur notre site Web. Cette politique de confidentialit\u00e9 explique comment nous collectons, utilisons, divulguons et prot\u00e9geons vos informations lorsque vous visitez notre site Web.<\/p>\n\n\n\n<p>Nous op\u00e9rons avec des bureaux \u00e0 Londres, Royaume-Uni et \u00e0 Zurich, Suisse. Nous servons des clients au Royaume-Uni, dans l'Union europ\u00e9enne et aux \u00c9tats-Unis. La pr\u00e9sente Politique de confidentialit\u00e9 est conforme aux lois applicables en mati\u00e8re de protection des donn\u00e9es dans toutes les juridictions o\u00f9 nous op\u00e9rons, y compris le RGPD du Royaume-Uni, le Data Protection Act 2018 du Royaume-Uni, le RGPD de l'UE, la Loi f\u00e9d\u00e9rale suisse sur la protection des donn\u00e9es (LPD) et les lois applicables sur la confidentialit\u00e9 des \u00c9tats am\u00e9ricains, le cas \u00e9ch\u00e9ant.<\/p>\n\n\n\n<h2 class=\"wp-block-heading\" id=\"2-information-we-collect\"><strong>2. Informations que nous collectons<\/strong><\/h2>\n\n\n\n<h2 class=\"wp-block-heading\" id=\"contact-information\"><strong>Informations de contact<\/strong><\/h2>\n\n\n\n<p>Lorsque vous nous contactez via notre site web (par exemple, via des formulaires de contact, des demandes commerciales ou des requ\u00eates de support), nous recueillons les informations suivantes :<\/p>\n\n\n\n<p>\u2022 Nom<\/p>\n\n\n\n<p>Adresse e-mail<\/p>\n\n\n\n<p>Num\u00e9ro de t\u00e9l\u00e9phone<\/p>\n\n\n\n<p>\u2022 Entreprise\/organisation<\/p>\n\n\n\n<p>Objet de la demande<\/p>\n\n\n\n<h2 class=\"wp-block-heading\" id=\"automatically-collected-information\"><strong>Informations collect\u00e9es automatiquement<\/strong><\/h2>\n\n\n\n<p>Lorsque vous visitez notre site web, nous collectons automatiquement certaines informations techniques \u00e0 l'aide de cookies et de technologies similaires :<\/p>\n\n\n\n<p>Adresse IP<\/p>\n\n\n\n<p>\u2022 Type et version du navigateur<\/p>\n\n\n\n<p>\u2022 Pages visit\u00e9es et temps pass\u00e9<\/p>\n\n\n\n<p>\u2022 Informations sur l'appareil<\/p>\n\n\n\n<h2 class=\"wp-block-heading\" id=\"3-how-we-use-your-information\"><strong>3. Comment nous utilisons vos informations<\/strong><\/h2>\n\n\n\n<p>Nous utilisons les informations que nous collectons aux fins suivantes :<\/p>\n\n\n\n<p>\u2022 Pour r\u00e9pondre \u00e0 vos demandes et offrir un soutien \u00e0 la client\u00e8le<\/p>\n\n\n\n<p>\u2022 Pour vous envoyer des communications marketing et des mises \u00e0 jour commerciales (avec votre consentement)<\/p>\n\n\n\n<p>\u2022 Pour am\u00e9liorer les fonctionnalit\u00e9s de notre site web et l'exp\u00e9rience utilisateur<\/p>\n\n\n\n<p>\u2022 Analyser l'utilisation et les tendances du site web<\/p>\n\n\n\n<p>\u2022 Pour se conformer aux obligations l\u00e9gales<\/p>\n\n\n\n<h2 class=\"wp-block-heading\" id=\"4-sharing-your-information\"><strong>4. Partage de vos informations<\/strong><\/h2>\n\n\n\n<h2 class=\"wp-block-heading\" id=\"hubspot-crm\"><strong>HubSpot CRM<\/strong><\/h2>\n\n\n\n<p>Les informations de contact collect\u00e9es sur notre site web sont stock\u00e9es dans HubSpot (notre plateforme de gestion de la relation client). HubSpot traite ces donn\u00e9es pour notre compte. Vous avez le droit de g\u00e9rer vos pr\u00e9f\u00e9rences de communication directement via le centre de pr\u00e9f\u00e9rences de HubSpot ou en nous contactant. Pour plus d'informations sur la mani\u00e8re dont HubSpot traite vos donn\u00e9es, veuillez consulter la politique de confidentialit\u00e9 de HubSpot \u00e0 l'adresse https:\/\/legal.hubspot.com\/fr\/privacy-policy.<\/p>\n\n\n\n<h2 class=\"wp-block-heading\" id=\"third-party-service-providers\"><strong>Prestataires de services tiers<\/strong><\/h2>\n\n\n\n<p>Nous pouvons partager vos informations avec des fournisseurs de services tiers qui nous aident \u00e0 exploiter notre site Web et \u00e0 mener nos activit\u00e9s (par exemple, h\u00e9bergement de sites Web, analyse, services de messagerie). Ces fournisseurs sont contractuellement oblig\u00e9s d'utiliser vos informations uniquement dans la mesure n\u00e9cessaire pour nous fournir des services et sont li\u00e9s par des accords de confidentialit\u00e9.<\/p>\n\n\n\n<h2 class=\"wp-block-heading\" id=\"legal-requirements\"><strong>Exigences l\u00e9gales<\/strong><\/h2>\n\n\n\n<p>Nous pouvons divulguer vos informations si la loi l'exige ou si nous avons la conviction de bonne foi que cette divulgation est n\u00e9cessaire pour nous conformer \u00e0 des obligations l\u00e9gales, prot\u00e9ger nos droits ou prot\u00e9ger la s\u00e9curit\u00e9 de nos utilisateurs ou du public.<\/p>\n\n\n\n<h2 class=\"wp-block-heading\" id=\"5-data-security\"><strong>5. S\u00e9curit\u00e9 des donn\u00e9es<\/strong><\/h2>\n\n\n\n<p>Nous mettons en \u0153uvre des mesures techniques, administratives et organisationnelles appropri\u00e9es pour prot\u00e9ger vos informations personnelles contre tout acc\u00e8s, alt\u00e9ration, divulgation ou destruction non autoris\u00e9. Cependant, aucune transmission sur Internet n'est totalement s\u00e9curis\u00e9e. Bien que nous nous efforcions de prot\u00e9ger vos informations personnelles, nous ne pouvons garantir leur s\u00e9curit\u00e9 absolue.<\/p>\n\n\n\n<h2 class=\"wp-block-heading\" id=\"6-how-long-we-keep-your-information\"><strong>6. Combien de temps nous conservons vos informations<\/strong><\/h2>\n\n\n\n<p>Nous conservons vos informations personnelles aussi longtemps que n\u00e9cessaire pour atteindre les objectifs d\u00e9crits dans la pr\u00e9sente Politique de confidentialit\u00e9 ou autant que l'exige la loi. Pour les informations de contact stock\u00e9es dans HubSpot, la conservation est r\u00e9gie par notre relation avec HubSpot et les politiques de conservation des donn\u00e9es applicables. Vous pouvez demander la suppression de vos informations \u00e0 tout moment.<\/p>\n\n\n\n<h2 class=\"wp-block-heading\" id=\"7-your-privacy-rights\"><strong>7. Vos droits \u00e0 la vie priv\u00e9e<\/strong><\/h2>\n\n\n\n<p>Vos droits en mati\u00e8re de confidentialit\u00e9 d\u00e9pendent de votre localisation et des lois applicables en mati\u00e8re de protection des donn\u00e9es :<\/p>\n\n\n\n<h2 class=\"wp-block-heading\" id=\"for-uk-eu-and-swiss-residents\"><strong>Pour les r\u00e9sidents du Royaume-Uni, de l'UE et de la Suisse<\/strong><\/h2>\n\n\n\n<p>Si vous \u00eates situ\u00e9(e) au Royaume-Uni, dans l'Union europ\u00e9enne ou en Suisse, vous disposez des droits suivants concernant vos informations personnelles :<\/p>\n\n\n\n<p>\u2022 Droit d'acc\u00e8s : Vous avez le droit de demander l'acc\u00e8s \u00e0 vos informations personnelles<\/p>\n\n\n\n<p>\u2022 Droit de rectification : Vous pouvez demander la correction d'informations inexactes ou incompl\u00e8tes<\/p>\n\n\n\n<p>\u2022 Droit \u00e0 l'effacement : Vous pouvez demander la suppression de vos informations personnelles (sous r\u00e9serve de certaines exceptions)<\/p>\n\n\n\n<p>Droit \u00e0 la portabilit\u00e9 des donn\u00e9es : vous pouvez demander une copie de vos donn\u00e9es dans un format portable<\/p>\n\n\n\n<p>\u2022 Droit de retirer son consentement : Si nous traitons des donn\u00e9es sur la base de votre consentement, vous pouvez retirer ce consentement \u00e0 tout moment<\/p>\n\n\n\n<p>Droit d'opposition : Vous pouvez vous opposer \u00e0 certains types de traitement de vos informations<\/p>\n\n\n\n<p>Droit de d\u00e9poser une plainte : Vous avez le droit de d\u00e9poser une plainte aupr\u00e8s de votre autorit\u00e9 locale de protection des donn\u00e9es<\/p>\n\n\n\n<h2 class=\"wp-block-heading\" id=\"for-us-residents\"><strong>Pour les r\u00e9sidents am\u00e9ricains<\/strong><\/h2>\n\n\n\n<p>Si vous r\u00e9sidez aux \u00c9tats-Unis, vos droits en mati\u00e8re de confidentialit\u00e9 peuvent \u00eatre r\u00e9gis par les lois applicables sur la confidentialit\u00e9 des \u00c9tats (telles que le California Consumer Privacy Act, le Colorado Privacy Act et des lois similaires des \u00c9tats). Vous pourriez avoir le droit de :<\/p>\n\n\n\n<p>\u2022 Savoir quelles donn\u00e9es personnelles sont collect\u00e9es et comment elles sont utilis\u00e9es<\/p>\n\n\n\n<p>\u2022 Acc\u00e9der et supprimer vos donn\u00e9es personnelles<\/p>\n\n\n\n<p>\u2022 Refuser la vente ou le partage de vos donn\u00e9es personnelles<\/p>\n\n\n\n<p>Pour exercer l'un de ces droits, veuillez nous contacter en utilisant les informations fournies dans la section 8.<\/p>\n\n\n\n<h2 class=\"wp-block-heading\" id=\"8-contact-us\"><strong>8. Contactez-nous<\/strong><\/h2>\n\n\n\n<p>Si vous avez des questions concernant cette politique de confidentialit\u00e9, souhaitez exercer vos droits en mati\u00e8re de confidentialit\u00e9, ou avez des pr\u00e9occupations relatives \u00e0 la confidentialit\u00e9, veuillez nous contacter :<\/p>\n\n\n\n<p><strong>Boost Inc<\/strong><\/p>\n\n\n\n<h2 class=\"wp-block-heading\" id=\"london-office\"><strong>Bureau de Londres<\/strong><\/h2>\n\n\n\n<p>Unit\u00e9 41, The I O Centre<\/p>\n\n\n\n<p>Armstrong Rd, Royal Arsenal<\/p>\n\n\n\n<p>Londres SE18 6RS<\/p>\n\n\n\n<p>Royaume-Uni<\/p>\n\n\n\n<p>T\u00e9l\u00e9phone : +44 (0)20 7726 8575<\/p>\n\n\n\n<h2 class=\"wp-block-heading\" id=\"zurich-office\"><strong>Bureau de Zurich<\/strong><\/h2>\n\n\n\n<p>Grubenstrasse 45<\/p>\n\n\n\n<p>8045 Zurich<\/p>\n\n\n\n<p>Suisse<\/p>\n\n\n\n<p>T\u00e9l\u00e9phone : +41 (0)44 545 2745<\/p>\n\n\n\n<p><strong>Courriel : hello@boostinc.com<\/strong><\/p>\n\n\n\n<p>Nous r\u00e9pondrons \u00e0 vos demandes dans un d\u00e9lai de 30 jours ou selon les exigences de la loi applicable.<\/p>\n\n\n\n<h2 class=\"wp-block-heading\" id=\"9-cookies-and-tracking-technologies\"><strong>9. Cookies et Technologies de Suivi<\/strong><\/h2>\n\n\n\n<p>Notre site web utilise des cookies et des technologies de suivi similaires pour am\u00e9liorer l'exp\u00e9rience utilisateur et analyser les performances du site. Les cookies sont de petits fichiers texte stock\u00e9s sur votre appareil. Vous pouvez contr\u00f4ler vos pr\u00e9f\u00e9rences en mati\u00e8re de cookies via les param\u00e8tres de votre navigateur ou via notre banni\u00e8re de consentement aux cookies sur le site web. La d\u00e9sactivation des cookies peut affecter votre capacit\u00e9 \u00e0 utiliser certaines fonctionnalit\u00e9s du site.<\/p>\n\n\n\n<h2 class=\"wp-block-heading\" id=\"10-international-data-transfers\"><strong>10. Transferts internationaux de donn\u00e9es<\/strong><\/h2>\n\n\n\n<p>Comme nous op\u00e9rons au Royaume-Uni, dans l'Union europ\u00e9enne, en Suisse et aux \u00c9tats-Unis, vos donn\u00e9es personnelles peuvent \u00eatre transf\u00e9r\u00e9es, stock\u00e9es ou trait\u00e9es dans des pays autres que votre pays de r\u00e9sidence. Lorsque nous transf\u00e9rons des donn\u00e9es personnelles \u00e0 l'international, nous mettons en place des garanties telles que des Clauses Contractuelles Types (CCT), des R\u00e8gles Contraignantes d'Entreprise (RCE) ou d'autres m\u00e9canismes l\u00e9galement reconnus pour garantir que vos donn\u00e9es sont prot\u00e9g\u00e9es conform\u00e9ment aux lois applicables en mati\u00e8re de protection des donn\u00e9es.<\/p>\n\n\n\n<p>En utilisant notre site web, vous consentez au transfert de vos informations vers des pays situ\u00e9s en dehors de votre pays de r\u00e9sidence, qui peuvent avoir des lois sur la protection de la vie priv\u00e9e diff\u00e9rentes de celles de votre pays d'origine.<\/p>\n\n\n\n<h2 class=\"wp-block-heading\" id=\"11-changes-to-this-privacy-policy\"><strong>11. Modifications de cette politique de confidentialit\u00e9<\/strong><\/h2>\n\n\n\n<p>Nous pouvons mettre \u00e0 jour cette politique de confidentialit\u00e9 de temps \u00e0 autre pour refl\u00e9ter les changements dans nos pratiques ou pour d'autres raisons op\u00e9rationnelles, l\u00e9gales ou r\u00e9glementaires. Nous vous informerons de tout changement mat\u00e9riel en mettant \u00e0 jour la \u2018 Date d'entr\u00e9e en vigueur \u2019 en haut de cette politique et en publiant la version mise \u00e0 jour sur notre site Web.<\/p>\n\n\n\n<p><em>Cette politique de confidentialit\u00e9 a \u00e9t\u00e9 mise \u00e0 jour pour la derni\u00e8re fois en avril 2026.<\/em><\/p>","protected":false},"excerpt":{"rendered":"<p>Privacy Policy Effective Date: April 2026 1. Introduction Boost Inc (&#8220;we,&#8221; &#8220;us,&#8221; &#8220;our,&#8221; or &#8220;Company&#8221;) operates https:\/\/www.boostinc.com and associated websites (the &#8220;Website&#8221;). We are committed to protecting your privacy and ensuring you have a positive experience on our website. This Privacy Policy explains how we collect, use, disclose, and safeguard your information when you visit [&hellip;]<\/p>\n","protected":false},"author":1,"featured_media":0,"parent":0,"menu_order":0,"comment_status":"closed","ping_status":"open","template":"","meta":{"_gspb_post_css":".gspb_container-id-gsbp-c0bc595{flex-direction:column;box-sizing:border-box}#gspb_container-id-gsbp-c0bc595.gspb_container>p:last-of-type{margin-bottom:0}#gspb_container-id-gsbp-c0bc595.gspb_container{position:relative;margin:0;background-color:var(--wp--preset--color--palette-color-5, var(--theme-palette-color-5, #172e2a));height:100px}.ct-container-full{padding-top:0!important}","footnotes":""},"class_list":["post-3","page","type-page","status-publish","hentry"],"blocksy_meta":{"has_hero_section":"disabled","styles_descriptor":{"styles":{"desktop":"","tablet":"","mobile":""},"google_fonts":[],"version":6},"page_structure_type":"type-3"},"yoast_head":"<!-- This site is optimized with the Yoast SEO plugin v26.6 - https:\/\/yoast.com\/wordpress\/plugins\/seo\/ -->\n<title>Privacy Policy - boostinc.com<\/title>\n<meta name=\"robots\" content=\"index, follow, max-snippet:-1, max-image-preview:large, max-video-preview:-1\" \/>\n<link rel=\"canonical\" href=\"https:\/\/boostinc.boostbar.ch\/privacy-policy\/\" \/>\n<meta property=\"og:locale\" content=\"fr_FR\" \/>\n<meta property=\"og:type\" content=\"article\" \/>\n<meta property=\"og:title\" content=\"Privacy Policy - boostinc.com\" \/>\n<meta property=\"og:description\" content=\"Privacy Policy Effective Date: April 2026 1. Introduction Boost Inc (&#8220;we,&#8221; &#8220;us,&#8221; &#8220;our,&#8221; or &#8220;Company&#8221;) operates https:\/\/www.boostinc.com and associated websites (the &#8220;Website&#8221;). We are committed to protecting your privacy and ensuring you have a positive experience on our website. This Privacy Policy explains how we collect, use, disclose, and safeguard your information when you visit [&hellip;]\" \/>\n<meta property=\"og:url\" content=\"https:\/\/boostinc.boostbar.ch\/privacy-policy\/\" \/>\n<meta property=\"og:site_name\" content=\"boostinc.com\" \/>\n<meta property=\"article:modified_time\" content=\"2026-04-21T09:11:35+00:00\" \/>\n<meta property=\"og:image\" content=\"https:\/\/boostinc.com\/wp-content\/uploads\/2026\/03\/POS.jpg?wsr\" \/>\n\t<meta property=\"og:image:width\" content=\"2048\" \/>\n\t<meta property=\"og:image:height\" content=\"1366\" \/>\n\t<meta property=\"og:image:type\" content=\"image\/jpeg\" \/>\n<meta name=\"twitter:card\" content=\"summary_large_image\" \/>\n<meta name=\"twitter:label1\" content=\"Dur\u00e9e de lecture estim\u00e9e\" \/>\n\t<meta name=\"twitter:data1\" content=\"5 minutes\" \/>\n<script type=\"application\/ld+json\" class=\"yoast-schema-graph\">{\"@context\":\"https:\/\/schema.org\",\"@graph\":[{\"@type\":\"WebPage\",\"@id\":\"https:\/\/boostinc.boostbar.ch\/privacy-policy\/\",\"url\":\"https:\/\/boostinc.boostbar.ch\/privacy-policy\/\",\"name\":\"Privacy Policy - boostinc.com\",\"isPartOf\":{\"@id\":\"https:\/\/boostinc.com\/#website\"},\"datePublished\":\"2025-09-16T12:23:46+00:00\",\"dateModified\":\"2026-04-21T09:11:35+00:00\",\"breadcrumb\":{\"@id\":\"https:\/\/boostinc.boostbar.ch\/privacy-policy\/#breadcrumb\"},\"inLanguage\":\"fr-FR\",\"potentialAction\":[{\"@type\":\"ReadAction\",\"target\":[\"https:\/\/boostinc.boostbar.ch\/privacy-policy\/\"]}]},{\"@type\":\"BreadcrumbList\",\"@id\":\"https:\/\/boostinc.boostbar.ch\/privacy-policy\/#breadcrumb\",\"itemListElement\":[{\"@type\":\"ListItem\",\"position\":1,\"name\":\"Home\",\"item\":\"https:\/\/boostinc.com\/\"},{\"@type\":\"ListItem\",\"position\":2,\"name\":\"Privacy Policy\"}]},{\"@type\":\"WebSite\",\"@id\":\"https:\/\/boostinc.com\/#website\",\"url\":\"https:\/\/boostinc.com\/\",\"name\":\"Boost inc\",\"description\":\"Boost inc: Unattended Retail Solutions\",\"publisher\":{\"@id\":\"https:\/\/boostinc.com\/#organization\"},\"potentialAction\":[{\"@type\":\"SearchAction\",\"target\":{\"@type\":\"EntryPoint\",\"urlTemplate\":\"https:\/\/boostinc.com\/?s={search_term_string}\"},\"query-input\":{\"@type\":\"PropertyValueSpecification\",\"valueRequired\":true,\"valueName\":\"search_term_string\"}}],\"inLanguage\":\"fr-FR\"},{\"@type\":\"Organization\",\"@id\":\"https:\/\/boostinc.com\/#organization\",\"name\":\"Boost inc\",\"url\":\"https:\/\/boostinc.com\/\",\"logo\":{\"@type\":\"ImageObject\",\"inLanguage\":\"fr-FR\",\"@id\":\"https:\/\/boostinc.com\/#\/schema\/logo\/image\/\",\"url\":\"https:\/\/boostinc.com\/wp-content\/uploads\/2026\/03\/BILogo.svg?wsr\",\"contentUrl\":\"https:\/\/boostinc.com\/wp-content\/uploads\/2026\/03\/BILogo.svg?wsr\",\"width\":606,\"height\":107,\"caption\":\"Boost inc\"},\"image\":{\"@id\":\"https:\/\/boostinc.com\/#\/schema\/logo\/image\/\"}}]}<\/script>\n<!-- \/ Yoast SEO plugin. -->","yoast_head_json":{"title":"Politique de confidentialit\u00e9 - boostinc.com","robots":{"index":"index","follow":"follow","max-snippet":"max-snippet:-1","max-image-preview":"max-image-preview:large","max-video-preview":"max-video-preview:-1"},"canonical":"https:\/\/boostinc.boostbar.ch\/privacy-policy\/","og_locale":"fr_FR","og_type":"article","og_title":"Privacy Policy - boostinc.com","og_description":"Privacy Policy Effective Date: April 2026 1. Introduction Boost Inc (&#8220;we,&#8221; &#8220;us,&#8221; &#8220;our,&#8221; or &#8220;Company&#8221;) operates https:\/\/www.boostinc.com and associated websites (the &#8220;Website&#8221;). We are committed to protecting your privacy and ensuring you have a positive experience on our website. This Privacy Policy explains how we collect, use, disclose, and safeguard your information when you visit [&hellip;]","og_url":"https:\/\/boostinc.boostbar.ch\/privacy-policy\/","og_site_name":"boostinc.com","article_modified_time":"2026-04-21T09:11:35+00:00","og_image":[{"width":2048,"height":1366,"url":"https:\/\/boostinc.com\/wp-content\/uploads\/2026\/03\/POS.jpg?wsr","type":"image\/jpeg"}],"twitter_card":"summary_large_image","twitter_misc":{"Dur\u00e9e de lecture estim\u00e9e":"5 minutes"},"schema":{"@context":"https:\/\/schema.org","@graph":[{"@type":"WebPage","@id":"https:\/\/boostinc.boostbar.ch\/privacy-policy\/","url":"https:\/\/boostinc.boostbar.ch\/privacy-policy\/","name":"Politique de confidentialit\u00e9 - boostinc.com","isPartOf":{"@id":"https:\/\/boostinc.com\/#website"},"datePublished":"2025-09-16T12:23:46+00:00","dateModified":"2026-04-21T09:11:35+00:00","breadcrumb":{"@id":"https:\/\/boostinc.boostbar.ch\/privacy-policy\/#breadcrumb"},"inLanguage":"fr-FR","potentialAction":[{"@type":"ReadAction","target":["https:\/\/boostinc.boostbar.ch\/privacy-policy\/"]}]},{"@type":"BreadcrumbList","@id":"https:\/\/boostinc.boostbar.ch\/privacy-policy\/#breadcrumb","itemListElement":[{"@type":"ListItem","position":1,"name":"Home","item":"https:\/\/boostinc.com\/"},{"@type":"ListItem","position":2,"name":"Privacy Policy"}]},{"@type":"WebSite","@id":"https:\/\/boostinc.com\/#website","url":"https:\/\/boostinc.com\/","name":"Boost inc","description":"Boost inc : Solutions de Commerce Automatis\u00e9","publisher":{"@id":"https:\/\/boostinc.com\/#organization"},"potentialAction":[{"@type":"SearchAction","target":{"@type":"EntryPoint","urlTemplate":"https:\/\/boostinc.com\/?s={search_term_string}"},"query-input":{"@type":"PropertyValueSpecification","valueRequired":true,"valueName":"search_term_string"}}],"inLanguage":"fr-FR"},{"@type":"Organization","@id":"https:\/\/boostinc.com\/#organization","name":"Boost inc","url":"https:\/\/boostinc.com\/","logo":{"@type":"ImageObject","inLanguage":"fr-FR","@id":"https:\/\/boostinc.com\/#\/schema\/logo\/image\/","url":"https:\/\/boostinc.com\/wp-content\/uploads\/2026\/03\/BILogo.svg?wsr","contentUrl":"https:\/\/boostinc.com\/wp-content\/uploads\/2026\/03\/BILogo.svg?wsr","width":606,"height":107,"caption":"Boost inc"},"image":{"@id":"https:\/\/boostinc.com\/#\/schema\/logo\/image\/"}}]}},"_links":{"self":[{"href":"https:\/\/boostinc.com\/fr\/wp-json\/wp\/v2\/pages\/3","targetHints":{"allow":["GET"]}}],"collection":[{"href":"https:\/\/boostinc.com\/fr\/wp-json\/wp\/v2\/pages"}],"about":[{"href":"https:\/\/boostinc.com\/fr\/wp-json\/wp\/v2\/types\/page"}],"author":[{"embeddable":true,"href":"https:\/\/boostinc.com\/fr\/wp-json\/wp\/v2\/users\/1"}],"replies":[{"embeddable":true,"href":"https:\/\/boostinc.com\/fr\/wp-json\/wp\/v2\/comments?post=3"}],"version-history":[{"count":6,"href":"https:\/\/boostinc.com\/fr\/wp-json\/wp\/v2\/pages\/3\/revisions"}],"predecessor-version":[{"id":4924,"href":"https:\/\/boostinc.com\/fr\/wp-json\/wp\/v2\/pages\/3\/revisions\/4924"}],"wp:attachment":[{"href":"https:\/\/boostinc.com\/fr\/wp-json\/wp\/v2\/media?parent=3"}],"curies":[{"name":"wp","href":"https:\/\/api.w.org\/{rel}","templated":true}]}}