{"id":5013,"date":"2026-04-21T10:46:00","date_gmt":"2026-04-21T10:46:00","guid":{"rendered":"https:\/\/boostinc.boostbar.ch\/?page_id=5013"},"modified":"2026-04-21T18:55:48","modified_gmt":"2026-04-21T18:55:48","slug":"perspectives-dactualites","status":"publish","type":"page","link":"https:\/\/boostinc.com\/fr\/news-insights\/","title":{"rendered":"Nouvelles et Aper\u00e7us"},"content":{"rendered":"\n<div class=\"wp-block-greenshift-blocks-container alignfull gspb_container gspb_container-gsbp-c0bc595\" id=\"gspb_container-id-gsbp-c0bc595\"><\/div>\n\n\n\n<h2 id=\"gspb_heading-id-gsbp-33a1fab\" class=\"gspb_heading gspb_heading-id-gsbp-33a1fab \">News &amp; Insights<\/h2>\n\n\n\n<h3 id=\"gspb_heading-id-gsbp-e08a413\" class=\"gspb_heading gspb_heading-id-gsbp-e08a413 \">Dive in for the latest in unattended retail! <br>We love to share our journey, <br>covering technology and new trends.<\/h3>\n\n\n\n<div data-id=\"bf23dd82\" class=\"wp-block-blocksy-query\"><div class=\"ct-query-template-grid\"><article class=\"wp-block-post is-layout-flow post-1438 post type-post status-publish format-standard has-post-thumbnail hentry category-news\">\n<div style=\"border-radius:5px;min-height: 400px; padding-top:var(--wp--preset--spacing--50);padding-bottom:var(--wp--preset--spacing--50);padding-left:var(--wp--preset--spacing--50);padding-right:var(--wp--preset--spacing--50);\" class=\"wp-block-cover ct-dynamic-cover has-custom-content-position is-position-bottom-center wp-elements-49843325eb3d8408c1c3874324a91aac\"><span class=\"wp-block-cover__background\" aria-hidden=\"true\"><\/span><img loading=\"lazy\" decoding=\"async\" width=\"1707\" height=\"2560\" src=\"https:\/\/boostinc.com\/wp-content\/uploads\/2025\/10\/8cbdf850-e28e-44df-90a1-af61b0ec70f1-scaled-1.jpg?wsr\" class=\"wp-block-cover__image-background wp-post-image\" alt=\"\" srcset=\"https:\/\/boostinc.com\/wp-content\/uploads\/2025\/10\/8cbdf850-e28e-44df-90a1-af61b0ec70f1-scaled-1.jpg 1707w, https:\/\/boostinc.com\/wp-content\/uploads\/2025\/10\/8cbdf850-e28e-44df-90a1-af61b0ec70f1-scaled-1-200x300.jpg 200w, https:\/\/boostinc.com\/wp-content\/uploads\/2025\/10\/8cbdf850-e28e-44df-90a1-af61b0ec70f1-scaled-1-683x1024.jpg 683w, https:\/\/boostinc.com\/wp-content\/uploads\/2025\/10\/8cbdf850-e28e-44df-90a1-af61b0ec70f1-scaled-1-768x1152.jpg 768w, https:\/\/boostinc.com\/wp-content\/uploads\/2025\/10\/8cbdf850-e28e-44df-90a1-af61b0ec70f1-scaled-1-1024x1536.jpg 1024w, https:\/\/boostinc.com\/wp-content\/uploads\/2025\/10\/8cbdf850-e28e-44df-90a1-af61b0ec70f1-scaled-1-1366x2048.jpg 1366w\" sizes=\"auto, (max-width: 1707px) 100vw, 1707px\" \/><div class=\"wp-block-cover__inner-container ct-dynamic-cover__inner-2 is-layout-constrained wp-block-cover-is-layout-constrained\">\n<h2 class=\"ct-dynamic-data has-text-align-center wp-elements-afd89a34bb1a0c711deffce58579054a wp-elements-aeeb15b0d07c8f0bfce44f097a5137df has-medium-font-size\"><a href=\"https:\/\/boostinc.com\/fr\/boost-inc-acquires-vensolutions-expanding-technology-capability-in-the-german-vending-market\/\">Boost inc acquires Vensolutions, expanding technology capability in the German vending market<\/a><\/h2>\n\n<div style=\"font-size:12px;text-transform:uppercase;\" class=\"ct-dynamic-data has-text-align-center wp-elements-d79cf465bc7c149039fd2a685c9513f2\">octobre 9, 2025<\/div>\n<\/div><\/div>\n<\/article><article class=\"wp-block-post is-layout-flow post-1524 post type-post status-publish format-standard has-post-thumbnail hentry category-news\">\n<div style=\"border-radius:5px;min-height: 400px; padding-top:var(--wp--preset--spacing--50);padding-bottom:var(--wp--preset--spacing--50);padding-left:var(--wp--preset--spacing--50);padding-right:var(--wp--preset--spacing--50);\" class=\"wp-block-cover ct-dynamic-cover has-custom-content-position is-position-bottom-center wp-elements-49843325eb3d8408c1c3874324a91aac\"><span class=\"wp-block-cover__background\" aria-hidden=\"true\"><\/span><img loading=\"lazy\" decoding=\"async\" width=\"2560\" height=\"1709\" src=\"https:\/\/boostinc.com\/wp-content\/uploads\/2025\/10\/Boostbar_People_Pascal_Uffer_04-scaled.jpg?wsr\" class=\"wp-block-cover__image-background wp-post-image\" alt=\"\" srcset=\"https:\/\/boostinc.com\/wp-content\/uploads\/2025\/10\/Boostbar_People_Pascal_Uffer_04-scaled.jpg 2560w, https:\/\/boostinc.com\/wp-content\/uploads\/2025\/10\/Boostbar_People_Pascal_Uffer_04-300x200.jpg 300w, https:\/\/boostinc.com\/wp-content\/uploads\/2025\/10\/Boostbar_People_Pascal_Uffer_04-1024x684.jpg 1024w, https:\/\/boostinc.com\/wp-content\/uploads\/2025\/10\/Boostbar_People_Pascal_Uffer_04-768x513.jpg 768w, https:\/\/boostinc.com\/wp-content\/uploads\/2025\/10\/Boostbar_People_Pascal_Uffer_04-1536x1025.jpg 1536w, https:\/\/boostinc.com\/wp-content\/uploads\/2025\/10\/Boostbar_People_Pascal_Uffer_04-2048x1367.jpg 2048w\" sizes=\"auto, (max-width: 2560px) 100vw, 2560px\" \/><div class=\"wp-block-cover__inner-container ct-dynamic-cover__inner-3 is-layout-constrained wp-block-cover-is-layout-constrained\">\n<h2 class=\"ct-dynamic-data has-text-align-center wp-elements-afd89a34bb1a0c711deffce58579054a wp-elements-aeeb15b0d07c8f0bfce44f097a5137df has-medium-font-size\"><a href=\"https:\/\/boostinc.com\/fr\/dont-waste-energy-on-things-you-cant-change\/\">Founded Interview: Don&#8217;t waste energy on things you can&#8217;t change<\/a><\/h2>\n\n<div style=\"font-size:12px;text-transform:uppercase;\" class=\"ct-dynamic-data has-text-align-center wp-elements-d79cf465bc7c149039fd2a685c9513f2\">octobre 29, 2025<\/div>\n<\/div><\/div>\n<\/article><article class=\"wp-block-post is-layout-flow post-1478 post type-post status-publish format-standard has-post-thumbnail hentry category-news\">\n<div style=\"border-radius:5px;min-height: 400px; padding-top:var(--wp--preset--spacing--50);padding-bottom:var(--wp--preset--spacing--50);padding-left:var(--wp--preset--spacing--50);padding-right:var(--wp--preset--spacing--50);\" class=\"wp-block-cover ct-dynamic-cover has-custom-content-position is-position-bottom-center wp-elements-49843325eb3d8408c1c3874324a91aac\"><span class=\"wp-block-cover__background\" aria-hidden=\"true\"><\/span><img loading=\"lazy\" decoding=\"async\" width=\"1004\" height=\"1354\" src=\"https:\/\/boostinc.com\/wp-content\/uploads\/2025\/10\/FCM.jpeg?wsr\" class=\"wp-block-cover__image-background wp-post-image\" alt=\"\" srcset=\"https:\/\/boostinc.com\/wp-content\/uploads\/2025\/10\/FCM.jpeg 1004w, https:\/\/boostinc.com\/wp-content\/uploads\/2025\/10\/FCM-222x300.jpeg 222w, https:\/\/boostinc.com\/wp-content\/uploads\/2025\/10\/FCM-759x1024.jpeg 759w, https:\/\/boostinc.com\/wp-content\/uploads\/2025\/10\/FCM-768x1036.jpeg 768w\" sizes=\"auto, (max-width: 1004px) 100vw, 1004px\" \/><div class=\"wp-block-cover__inner-container ct-dynamic-cover__inner-4 is-layout-constrained wp-block-cover-is-layout-constrained\">\n<h2 class=\"ct-dynamic-data has-text-align-center wp-elements-afd89a34bb1a0c711deffce58579054a wp-elements-aeeb15b0d07c8f0bfce44f097a5137df has-medium-font-size\"><a href=\"https:\/\/boostinc.com\/fr\/empowering-managers-with-technology-designed-for-them\/\">Empowering managers with technology designed for them<\/a><\/h2>\n\n<div style=\"font-size:12px;text-transform:uppercase;\" class=\"ct-dynamic-data has-text-align-center wp-elements-d79cf465bc7c149039fd2a685c9513f2\">octobre 14, 2025<\/div>\n<\/div><\/div>\n<\/article><article class=\"wp-block-post is-layout-flow post-1412 post type-post status-publish format-standard has-post-thumbnail hentry category-news\">\n<div style=\"border-radius:5px;min-height: 400px; padding-top:var(--wp--preset--spacing--50);padding-bottom:var(--wp--preset--spacing--50);padding-left:var(--wp--preset--spacing--50);padding-right:var(--wp--preset--spacing--50);\" class=\"wp-block-cover ct-dynamic-cover has-custom-content-position is-position-bottom-center wp-elements-49843325eb3d8408c1c3874324a91aac\"><span class=\"wp-block-cover__background\" aria-hidden=\"true\"><\/span><img loading=\"lazy\" decoding=\"async\" width=\"1710\" height=\"2560\" src=\"https:\/\/boostinc.com\/wp-content\/uploads\/2025\/06\/IMG_0972-scaled-1.jpeg?wsr\" class=\"wp-block-cover__image-background wp-post-image\" alt=\"pascal-uffer-boostbox-media\" srcset=\"https:\/\/boostinc.com\/wp-content\/uploads\/2025\/06\/IMG_0972-scaled-1.jpeg 1710w, https:\/\/boostinc.com\/wp-content\/uploads\/2025\/06\/IMG_0972-scaled-1-200x300.jpeg 200w, https:\/\/boostinc.com\/wp-content\/uploads\/2025\/06\/IMG_0972-scaled-1-684x1024.jpeg 684w, https:\/\/boostinc.com\/wp-content\/uploads\/2025\/06\/IMG_0972-scaled-1-768x1150.jpeg 768w, https:\/\/boostinc.com\/wp-content\/uploads\/2025\/06\/IMG_0972-scaled-1-1026x1536.jpeg 1026w, https:\/\/boostinc.com\/wp-content\/uploads\/2025\/06\/IMG_0972-scaled-1-1368x2048.jpeg 1368w\" sizes=\"auto, (max-width: 1710px) 100vw, 1710px\" \/><div class=\"wp-block-cover__inner-container ct-dynamic-cover__inner-5 is-layout-constrained wp-block-cover-is-layout-constrained\">\n<h2 class=\"ct-dynamic-data has-text-align-center wp-elements-afd89a34bb1a0c711deffce58579054a wp-elements-aeeb15b0d07c8f0bfce44f097a5137df has-medium-font-size\"><a href=\"https:\/\/boostinc.com\/fr\/boost-inc-closes-e16m-series-b-round-to-accelerate-international-growth-in-unattended-retail\/\">Boost inc closes \u20ac16m Series B round to accelerate international growth in unattended retail<\/a><\/h2>\n\n<div style=\"font-size:12px;text-transform:uppercase;\" class=\"ct-dynamic-data has-text-align-center wp-elements-d79cf465bc7c149039fd2a685c9513f2\">juin 26, 2025<\/div>\n<\/div><\/div>\n<\/article><article class=\"wp-block-post is-layout-flow post-1359 post type-post status-publish format-standard has-post-thumbnail hentry category-insights category-news category-technology\">\n<div style=\"border-radius:5px;min-height: 400px; padding-top:var(--wp--preset--spacing--50);padding-bottom:var(--wp--preset--spacing--50);padding-left:var(--wp--preset--spacing--50);padding-right:var(--wp--preset--spacing--50);\" class=\"wp-block-cover ct-dynamic-cover has-custom-content-position is-position-bottom-center wp-elements-49843325eb3d8408c1c3874324a91aac\"><span class=\"wp-block-cover__background\" aria-hidden=\"true\"><\/span><img loading=\"lazy\" decoding=\"async\" width=\"5464\" height=\"8192\" src=\"https:\/\/boostinc.com\/wp-content\/uploads\/2024\/11\/Boostbar_FBConcepts_Freezer_09-1.jpg?wsr\" class=\"wp-block-cover__image-background wp-post-image\" alt=\"\" srcset=\"https:\/\/boostinc.com\/wp-content\/uploads\/2024\/11\/Boostbar_FBConcepts_Freezer_09-1.jpg 5464w, https:\/\/boostinc.com\/wp-content\/uploads\/2024\/11\/Boostbar_FBConcepts_Freezer_09-1-200x300.jpg 200w, https:\/\/boostinc.com\/wp-content\/uploads\/2024\/11\/Boostbar_FBConcepts_Freezer_09-1-683x1024.jpg 683w, https:\/\/boostinc.com\/wp-content\/uploads\/2024\/11\/Boostbar_FBConcepts_Freezer_09-1-768x1151.jpg 768w, https:\/\/boostinc.com\/wp-content\/uploads\/2024\/11\/Boostbar_FBConcepts_Freezer_09-1-1025x1536.jpg 1025w\" sizes=\"auto, (max-width: 5464px) 100vw, 5464px\" \/><div class=\"wp-block-cover__inner-container ct-dynamic-cover__inner-6 is-layout-constrained wp-block-cover-is-layout-constrained\">\n<h2 class=\"ct-dynamic-data has-text-align-center wp-elements-afd89a34bb1a0c711deffce58579054a wp-elements-aeeb15b0d07c8f0bfce44f097a5137df has-medium-font-size\"><a href=\"https:\/\/boostinc.com\/fr\/boostbars-bold-journey-leading-the-way-for-a-sustainable-future\/\">Boostbar\u2019s Bold Journey: Leading the way for a sustainable future<\/a><\/h2>\n\n<div style=\"font-size:12px;text-transform:uppercase;\" class=\"ct-dynamic-data has-text-align-center wp-elements-d79cf465bc7c149039fd2a685c9513f2\">novembre 28, 2024<\/div>\n<\/div><\/div>\n<\/article><article class=\"wp-block-post is-layout-flow post-1339 post type-post status-publish format-standard has-post-thumbnail hentry category-insights category-news category-technology\">\n<div style=\"border-radius:5px;min-height: 400px; padding-top:var(--wp--preset--spacing--50);padding-bottom:var(--wp--preset--spacing--50);padding-left:var(--wp--preset--spacing--50);padding-right:var(--wp--preset--spacing--50);\" class=\"wp-block-cover ct-dynamic-cover has-custom-content-position is-position-bottom-center wp-elements-49843325eb3d8408c1c3874324a91aac\"><span class=\"wp-block-cover__background\" aria-hidden=\"true\"><\/span><img loading=\"lazy\" decoding=\"async\" width=\"715\" height=\"412\" src=\"https:\/\/boostinc.com\/wp-content\/uploads\/2024\/09\/02-Epos-e1760971804490.png?wsr\" class=\"wp-block-cover__image-background wp-post-image\" alt=\"\" srcset=\"https:\/\/boostinc.com\/wp-content\/uploads\/2024\/09\/02-Epos-e1760971804490.png 715w, https:\/\/boostinc.com\/wp-content\/uploads\/2024\/09\/02-Epos-e1760971804490-300x173.png 300w\" sizes=\"auto, (max-width: 715px) 100vw, 715px\" \/><div class=\"wp-block-cover__inner-container ct-dynamic-cover__inner-7 is-layout-constrained wp-block-cover-is-layout-constrained\">\n<h2 class=\"ct-dynamic-data has-text-align-center wp-elements-afd89a34bb1a0c711deffce58579054a wp-elements-aeeb15b0d07c8f0bfce44f097a5137df has-medium-font-size\"><a href=\"https:\/\/boostinc.com\/fr\/the-impact-of-digital-screens-on-unattended-retail\/\">The impact of digital screens on unattended retail<\/a><\/h2>\n\n<div style=\"font-size:12px;text-transform:uppercase;\" class=\"ct-dynamic-data has-text-align-center wp-elements-d79cf465bc7c149039fd2a685c9513f2\">novembre 13, 2024<\/div>\n<\/div><\/div>\n<\/article><\/div>\n\t\t<nav class=\"ct-pagination\" data-pagination=\"simple\"  >\n\t\t\t<div class=\"ct-hidden-sm\"><span aria-current=\"page\" class=\"page-numbers current\">1<\/span>\n<a class=\"page-numbers\" href=\"https:\/\/boostinc.com\/fr\/wp-json\/wp\/v2\/pages\/5013\/?query-bf23dd82=2\">2<\/a>\n<a class=\"page-numbers\" href=\"https:\/\/boostinc.com\/fr\/wp-json\/wp\/v2\/pages\/5013\/?query-bf23dd82=3\">3<\/a>\n<a class=\"page-numbers\" href=\"https:\/\/boostinc.com\/fr\/wp-json\/wp\/v2\/pages\/5013\/?query-bf23dd82=4\">4<\/a><\/div><a class=\"next page-numbers\" rel=\"next\" href=\"https:\/\/boostinc.com\/fr\/wp-json\/wp\/v2\/pages\/5013\/?query-bf23dd82=2\">Suivant <svg width=\"9px\" height=\"9px\" viewBox=\"0 0 15 15\" fill=\"currentColor\"><path d=\"M4.1,15c0.2,0,0.4-0.1,0.6-0.2L11.4,8c0.3-0.3,0.3-0.8,0-1.1L4.8,0.2C4.5-0.1,4-0.1,3.7,0.2C3.4,0.5,3.4,1,3.7,1.3l6.1,6.1l-6.2,6.2c-0.3,0.3-0.3,0.8,0,1.1C3.7,14.9,3.9,15,4.1,15z\"\/><\/svg><\/a>\n\t\t\t\n\t\t<\/nav><style>[data-id='bf23dd82'] {--grid-columns-width:3;}@media (max-width: 999.98px) {[data-id='bf23dd82'] {--grid-columns-width:2;}}@media (max-width: 689.98px) {[data-id='bf23dd82'] {--grid-columns-width:1;}}<\/style><\/div>\n","protected":false},"excerpt":{"rendered":"","protected":false},"author":1,"featured_media":0,"parent":0,"menu_order":0,"comment_status":"closed","ping_status":"closed","template":"","meta":{"_gspb_post_css":".gspb_container-id-gsbp-c0bc595{flex-direction:column;box-sizing:border-box}#gspb_container-id-gsbp-c0bc595.gspb_container>p:last-of-type{margin-bottom:0}#gspb_container-id-gsbp-c0bc595.gspb_container{position:relative;margin-bottom:100px;background-color:var(--wp--preset--color--palette-color-5, var(--theme-palette-color-5, #172e2a));height:100px}.ct-container-full{padding-top:0!important}#gspb_heading-id-gsbp-e08a413{padding-bottom:100px}","footnotes":""},"class_list":["post-5013","page","type-page","status-publish","hentry"],"blocksy_meta":{"page_structure_type":"type-4","styles_descriptor":{"styles":{"desktop":"","tablet":"","mobile":""},"google_fonts":[],"version":6},"has_hero_section":"disabled"},"yoast_head":"<!-- This site is optimized with the Yoast SEO plugin v26.6 - https:\/\/yoast.com\/wordpress\/plugins\/seo\/ -->\n<title>News &amp; Insights - boostinc.com<\/title>\n<meta name=\"description\" content=\"Stay updated with curated News &amp; Insights that keep you in the loop with current happenings and important information.\" \/>\n<meta name=\"robots\" content=\"index, follow, max-snippet:-1, max-image-preview:large, max-video-preview:-1\" \/>\n<link rel=\"canonical\" href=\"https:\/\/boostinc.com\/fr\/perspectives-dactualites\/\" \/>\n<meta property=\"og:locale\" content=\"fr_FR\" \/>\n<meta property=\"og:type\" content=\"article\" \/>\n<meta property=\"og:title\" content=\"News &amp; Insights - boostinc.com\" \/>\n<meta property=\"og:description\" content=\"Stay updated with curated News &amp; Insights that keep you in the loop with current happenings and important information.\" \/>\n<meta property=\"og:url\" content=\"https:\/\/boostinc.com\/fr\/perspectives-dactualites\/\" \/>\n<meta property=\"og:site_name\" content=\"boostinc.com\" \/>\n<meta property=\"article:modified_time\" content=\"2026-04-21T18:55:48+00:00\" \/>\n<meta property=\"og:image\" content=\"https:\/\/boostinc.com\/wp-content\/uploads\/2026\/03\/POS.jpg?wsr\" \/>\n\t<meta property=\"og:image:width\" content=\"2048\" \/>\n\t<meta property=\"og:image:height\" content=\"1366\" \/>\n\t<meta property=\"og:image:type\" content=\"image\/jpeg\" \/>\n<meta name=\"twitter:card\" content=\"summary_large_image\" \/>\n<meta name=\"twitter:label1\" content=\"Dur\u00e9e de lecture estim\u00e9e\" \/>\n\t<meta name=\"twitter:data1\" content=\"1 minute\" \/>\n<script type=\"application\/ld+json\" class=\"yoast-schema-graph\">{\"@context\":\"https:\/\/schema.org\",\"@graph\":[{\"@type\":\"WebPage\",\"@id\":\"https:\/\/boostinc.com\/news-insights\/\",\"url\":\"https:\/\/boostinc.com\/news-insights\/\",\"name\":\"News &amp; Insights - boostinc.com\",\"isPartOf\":{\"@id\":\"https:\/\/boostinc.com\/#website\"},\"datePublished\":\"2026-04-21T10:46:00+00:00\",\"dateModified\":\"2026-04-21T18:55:48+00:00\",\"description\":\"Stay updated with curated News & Insights that keep you in the loop with current happenings and important information.\",\"breadcrumb\":{\"@id\":\"https:\/\/boostinc.com\/news-insights\/#breadcrumb\"},\"inLanguage\":\"fr-FR\",\"potentialAction\":[{\"@type\":\"ReadAction\",\"target\":[\"https:\/\/boostinc.com\/news-insights\/\"]}]},{\"@type\":\"BreadcrumbList\",\"@id\":\"https:\/\/boostinc.com\/news-insights\/#breadcrumb\",\"itemListElement\":[{\"@type\":\"ListItem\",\"position\":1,\"name\":\"Home\",\"item\":\"https:\/\/boostinc.com\/\"},{\"@type\":\"ListItem\",\"position\":2,\"name\":\"News &amp; Insights\"}]},{\"@type\":\"WebSite\",\"@id\":\"https:\/\/boostinc.com\/#website\",\"url\":\"https:\/\/boostinc.com\/\",\"name\":\"Boost inc\",\"description\":\"Boost inc: Unattended Retail Solutions\",\"publisher\":{\"@id\":\"https:\/\/boostinc.com\/#organization\"},\"potentialAction\":[{\"@type\":\"SearchAction\",\"target\":{\"@type\":\"EntryPoint\",\"urlTemplate\":\"https:\/\/boostinc.com\/?s={search_term_string}\"},\"query-input\":{\"@type\":\"PropertyValueSpecification\",\"valueRequired\":true,\"valueName\":\"search_term_string\"}}],\"inLanguage\":\"fr-FR\"},{\"@type\":\"Organization\",\"@id\":\"https:\/\/boostinc.com\/#organization\",\"name\":\"Boost inc\",\"url\":\"https:\/\/boostinc.com\/\",\"logo\":{\"@type\":\"ImageObject\",\"inLanguage\":\"fr-FR\",\"@id\":\"https:\/\/boostinc.com\/#\/schema\/logo\/image\/\",\"url\":\"https:\/\/boostinc.com\/wp-content\/uploads\/2026\/03\/BILogo.svg?wsr\",\"contentUrl\":\"https:\/\/boostinc.com\/wp-content\/uploads\/2026\/03\/BILogo.svg?wsr\",\"width\":606,\"height\":107,\"caption\":\"Boost inc\"},\"image\":{\"@id\":\"https:\/\/boostinc.com\/#\/schema\/logo\/image\/\"}}]}<\/script>\n<!-- \/ Yoast SEO plugin. -->","yoast_head_json":{"title":"Nouvelles et analyses - boostinc.com","description":"Restez inform\u00e9 avec des Actualit\u00e9s et des Analyses personnalis\u00e9es qui vous tiennent au courant des \u00e9v\u00e9nements actuels et des informations importantes.","robots":{"index":"index","follow":"follow","max-snippet":"max-snippet:-1","max-image-preview":"max-image-preview:large","max-video-preview":"max-video-preview:-1"},"canonical":"https:\/\/boostinc.com\/fr\/perspectives-dactualites\/","og_locale":"fr_FR","og_type":"article","og_title":"News &amp; Insights - boostinc.com","og_description":"Stay updated with curated News & Insights that keep you in the loop with current happenings and important information.","og_url":"https:\/\/boostinc.com\/fr\/perspectives-dactualites\/","og_site_name":"boostinc.com","article_modified_time":"2026-04-21T18:55:48+00:00","og_image":[{"width":2048,"height":1366,"url":"https:\/\/boostinc.com\/wp-content\/uploads\/2026\/03\/POS.jpg?wsr","type":"image\/jpeg"}],"twitter_card":"summary_large_image","twitter_misc":{"Dur\u00e9e de lecture estim\u00e9e":"1 minute"},"schema":{"@context":"https:\/\/schema.org","@graph":[{"@type":"WebPage","@id":"https:\/\/boostinc.com\/news-insights\/","url":"https:\/\/boostinc.com\/news-insights\/","name":"Nouvelles et analyses - boostinc.com","isPartOf":{"@id":"https:\/\/boostinc.com\/#website"},"datePublished":"2026-04-21T10:46:00+00:00","dateModified":"2026-04-21T18:55:48+00:00","description":"Restez inform\u00e9 avec des Actualit\u00e9s et des Analyses personnalis\u00e9es qui vous tiennent au courant des \u00e9v\u00e9nements actuels et des informations importantes.","breadcrumb":{"@id":"https:\/\/boostinc.com\/news-insights\/#breadcrumb"},"inLanguage":"fr-FR","potentialAction":[{"@type":"ReadAction","target":["https:\/\/boostinc.com\/news-insights\/"]}]},{"@type":"BreadcrumbList","@id":"https:\/\/boostinc.com\/news-insights\/#breadcrumb","itemListElement":[{"@type":"ListItem","position":1,"name":"Home","item":"https:\/\/boostinc.com\/"},{"@type":"ListItem","position":2,"name":"News &amp; Insights"}]},{"@type":"WebSite","@id":"https:\/\/boostinc.com\/#website","url":"https:\/\/boostinc.com\/","name":"Boost inc","description":"Boost inc : Solutions de Commerce Automatis\u00e9","publisher":{"@id":"https:\/\/boostinc.com\/#organization"},"potentialAction":[{"@type":"SearchAction","target":{"@type":"EntryPoint","urlTemplate":"https:\/\/boostinc.com\/?s={search_term_string}"},"query-input":{"@type":"PropertyValueSpecification","valueRequired":true,"valueName":"search_term_string"}}],"inLanguage":"fr-FR"},{"@type":"Organization","@id":"https:\/\/boostinc.com\/#organization","name":"Boost inc","url":"https:\/\/boostinc.com\/","logo":{"@type":"ImageObject","inLanguage":"fr-FR","@id":"https:\/\/boostinc.com\/#\/schema\/logo\/image\/","url":"https:\/\/boostinc.com\/wp-content\/uploads\/2026\/03\/BILogo.svg?wsr","contentUrl":"https:\/\/boostinc.com\/wp-content\/uploads\/2026\/03\/BILogo.svg?wsr","width":606,"height":107,"caption":"Boost inc"},"image":{"@id":"https:\/\/boostinc.com\/#\/schema\/logo\/image\/"}}]}},"_links":{"self":[{"href":"https:\/\/boostinc.com\/fr\/wp-json\/wp\/v2\/pages\/5013","targetHints":{"allow":["GET"]}}],"collection":[{"href":"https:\/\/boostinc.com\/fr\/wp-json\/wp\/v2\/pages"}],"about":[{"href":"https:\/\/boostinc.com\/fr\/wp-json\/wp\/v2\/types\/page"}],"author":[{"embeddable":true,"href":"https:\/\/boostinc.com\/fr\/wp-json\/wp\/v2\/users\/1"}],"replies":[{"embeddable":true,"href":"https:\/\/boostinc.com\/fr\/wp-json\/wp\/v2\/comments?post=5013"}],"version-history":[{"count":8,"href":"https:\/\/boostinc.com\/fr\/wp-json\/wp\/v2\/pages\/5013\/revisions"}],"predecessor-version":[{"id":5024,"href":"https:\/\/boostinc.com\/fr\/wp-json\/wp\/v2\/pages\/5013\/revisions\/5024"}],"wp:attachment":[{"href":"https:\/\/boostinc.com\/fr\/wp-json\/wp\/v2\/media?parent=5013"}],"curies":[{"name":"wp","href":"https:\/\/api.w.org\/{rel}","templated":true}]}}